{"id":2405,"date":"2025-01-19T12:36:49","date_gmt":"2025-01-19T12:36:49","guid":{"rendered":"https:\/\/artdeserttours.com\/?post_type=product&#038;p=2405"},"modified":"2026-01-16T15:14:21","modified_gmt":"2026-01-16T15:14:21","slug":"3-days-tour-from-errachidia-to-fes","status":"publish","type":"product","link":"https:\/\/artdeserttours.com\/fr\/tours\/circuit-de-3-jours-derrachidia-a-fes\/","title":{"rendered":"Circuit de 3 jours d'Errachidia \u00e0 F\u00e8s"},"content":{"rendered":"<div>\n<p class=\"tourmaster-single-header-title\"><span style=\"color: #000080;\"><strong>Circuit de 3 jours d'Errachidia \u00e0 F\u00e8s : <\/strong><\/span>Set out on a 3-day journey to <a href=\"https:\/\/fr.wikipedia.org\/wiki\/Fs\">F\u00e8s<\/a>, Maroc, de <a href=\"https:\/\/artdeserttours.com\/fr\/tour-category\/tour-from-errachidia\/\">Errachidia<\/a>. Explorez le d\u00e9sert pendant trois jours et deux nuits. D\u00e9couvrez la musique et la danse des peuples Gnaoua et Khamlia en visitant des tentes nomades. \u00c0 quelques kilom\u00e8tres de l\u00e0, explorez une ancienne mine d'eyeliner et d\u00e9couvrez la lagune de Merzouga. Admirez le lever et le coucher du soleil sur les dunes de sable, montez \u00e0 dos de chameau et promenez-vous dans la palmeraie. Dans le Sahara, passez la nuit dans une tente du d\u00e9sert.<\/p>\n<p>Visitez la ville historique d'Erfoud et le march\u00e9 de Rissani. D\u00e9couvrez la for\u00eat de c\u00e8dres du macaque de Barbarie et Ifrane, parfois surnomm\u00e9e la Suisse du Maroc. Le voyage s'ach\u00e8ve \u00e0 F\u00e8s.<\/p>\n<\/div>\n<p>&nbsp;<\/p>\n<table class=\"table table-bordered tours-tabs__table\" style=\"height: 233px;\" width=\"862\">\n<tbody>\n<tr>\n<td><strong>LIEU DU D\u00c9PART<\/strong><\/td>\n<td>F\u00e8s<\/td>\n<\/tr>\n<tr>\n<td><strong>LIEU DE DESTINATION<\/strong><\/td>\n<td>Errachidia<\/td>\n<\/tr>\n<tr>\n<td><strong>INCLURE<\/strong><\/td>\n<td><i class=\"fa fa-check icon-tick icon-tick--on\"><\/i><span style=\"font-family: inherit; font-size: inherit;\">Prise en charge et d\u00e9p\u00f4t \u00e0 votre <\/span><span style=\"font-family: inherit; font-size: inherit;\">h\u00e9bergement<\/span>\n<table class=\"table table-bordered\" style=\"height: 384px;\" width=\"514\">\n<tbody>\n<tr>\n<td><i class=\"fa fa-check icon-tick icon-tick--on\"><\/i><span style=\"font-family: inherit; font-size: inherit;\">Passer une nuit dans un camp nomade dans le d\u00e9sert avec une tente priv\u00e9e (lit, d\u00eener),<br \/>\nbreakfast et sahara music group)<\/span><\/td>\n<td><i class=\"fa fa-check icon-tick icon-tick--on\"><\/i><span style=\"font-family: inherit; font-size: inherit;\">Guide parlant fran\u00e7ais avec <\/span><span style=\"font-family: inherit; font-size: inherit;\">Conducteur <\/span><span style=\"font-family: inherit; font-size: inherit;\">pendant la visite<\/span><\/td>\n<\/tr>\n<tr>\n<td><i class=\"fa fa-check icon-tick icon-tick--on\"><\/i><span style=\"font-family: inherit; font-size: inherit;\">Randonn\u00e9e \u00e0 dos de chameau dans les dunes de Merzouga<\/span><\/td>\n<td><i class=\"fa fa-check icon-tick icon-tick--on\"><\/i><span style=\"font-family: inherit; font-size: inherit;\">Prise en charge et d\u00e9p\u00f4t \u00e0 votre<\/span><\/td>\n<td><i class=\"fa fa-check icon-tick icon-tick--on\"><\/i><span style=\"font-family: inherit; font-size: inherit;\">coucher de soleil, lever de soleil<\/span><\/td>\n<\/tr>\n<\/tbody>\n<\/table>\n<p><b>NON COMPRIS<\/b><\/p>\n<table class=\"table table-bordered\" style=\"height: 62px;\" width=\"300\">\n<tbody>\n<tr>\n<td><i class=\"fa fa-times icon-tick icon-tick--off\"><\/i><span style=\"font-family: inherit; font-size: inherit;\">Tarifs a\u00e9riens {billets d'avion}<\/span><\/td>\n<\/tr>\n<tr>\n<td><i class=\"fa fa-times icon-tick icon-tick--off\"><\/i>D\u00e9jeuners, boissons<\/td>\n<\/tr>\n<\/tbody>\n<\/table>\n<p>&nbsp;<\/p>\n<p>&nbsp;<\/p><\/td>\n<\/tr>\n<\/tbody>\n<\/table>","protected":false},"excerpt":{"rendered":"<p><span style=\"color: #000080;\"><strong>Circuit de 3 jours d'Errachidia \u00e0 F\u00e8s : <\/strong><\/span>Partez pour un voyage de trois jours \u00e0 <a href=\"https:\/\/fr.wikipedia.org\/wiki\/Fs\">F\u00e8s<\/a>, Maroc, de <a href=\"https:\/\/artdeserttours.com\/fr\/tour-category\/tour-from-errachidia\/\">Errachidia<\/a>. Explorez le d\u00e9sert pendant trois jours et deux nuits.<\/p>","protected":false},"featured_media":2419,"comment_status":"closed","ping_status":"closed","template":"","meta":{"_monsterinsights_skip_tracking":false,"_monsterinsights_sitenote_active":false,"_monsterinsights_sitenote_note":"","_monsterinsights_sitenote_category":0},"product_brand":[],"product_cat":[21],"product_tag":[215,91,214,87,182],"class_list":{"0":"post-2405","1":"product","2":"type-product","3":"status-publish","4":"has-post-thumbnail","6":"product_cat-moroccan-tours","7":"product_tag-3-days-tour-from-errachidia-to-fes","8":"product_tag-4-days-in-morocco","9":"product_tag-4-days-tour-from-errachidia-to-marrakech","10":"product_tag-art-desert-tours","11":"product_tag-morocco-tours","12":"tour_category-tours-from-errachidia","14":"first","15":"instock","16":"shipping-taxable","17":"product-type-tour"},"aioseo_notices":[],"_links":{"self":[{"href":"https:\/\/artdeserttours.com\/fr\/wp-json\/wp\/v2\/product\/2405","targetHints":{"allow":["GET"]}}],"collection":[{"href":"https:\/\/artdeserttours.com\/fr\/wp-json\/wp\/v2\/product"}],"about":[{"href":"https:\/\/artdeserttours.com\/fr\/wp-json\/wp\/v2\/types\/product"}],"replies":[{"embeddable":true,"href":"https:\/\/artdeserttours.com\/fr\/wp-json\/wp\/v2\/comments?post=2405"}],"wp:featuredmedia":[{"embeddable":true,"href":"https:\/\/artdeserttours.com\/fr\/wp-json\/wp\/v2\/media\/2419"}],"wp:attachment":[{"href":"https:\/\/artdeserttours.com\/fr\/wp-json\/wp\/v2\/media?parent=2405"}],"wp:term":[{"taxonomy":"product_brand","embeddable":true,"href":"https:\/\/artdeserttours.com\/fr\/wp-json\/wp\/v2\/product_brand?post=2405"},{"taxonomy":"product_cat","embeddable":true,"href":"https:\/\/artdeserttours.com\/fr\/wp-json\/wp\/v2\/product_cat?post=2405"},{"taxonomy":"product_tag","embeddable":true,"href":"https:\/\/artdeserttours.com\/fr\/wp-json\/wp\/v2\/product_tag?post=2405"}],"curies":[{"name":"wp","href":"https:\/\/api.w.org\/{rel}","templated":true}]}}