{"id":2406,"date":"2025-01-19T12:38:48","date_gmt":"2025-01-19T12:38:48","guid":{"rendered":"https:\/\/artdeserttours.com\/?post_type=product&#038;p=2406"},"modified":"2026-02-27T17:40:38","modified_gmt":"2026-02-27T17:40:38","slug":"3-days-tour-from-errachidia-city","status":"publish","type":"product","link":"https:\/\/artdeserttours.com\/fr\/tours\/circuit-de-3-jours-au-depart-de-la-ville-derrachidia\/","title":{"rendered":"Circuit de 3 jours \u00e0 partir de la ville d'Errachidia"},"content":{"rendered":"<div>\n<p class=\"tourmaster-single-header-title\"><span style=\"color: #000080;\"><strong>Circuit de 3 jours \u00e0 partir de la ville d'Errachidia : <\/strong><\/span>Explore the desert on a 3-day excursion departing from <a href=\"https:\/\/artdeserttours.com\/fr\/tour-category\/tour-from-errachidia\/\">Errachidia<\/a>Moulay Idriss et Volubilis : excursion d'une journ\u00e9e au d\u00e9part de F\u00e8s : <a href=\"https:\/\/en.wikipedia.org\/wiki\/Khamlia\">Khamlia<\/a> en visitant les tentes nomades. \u00c0 quelques kilom\u00e8tres de l\u00e0, explorez une ancienne mine d'eyeliner et d\u00e9couvrez la lagune sauvage de Merzouga. Admirez le lever et le coucher du soleil sur les dunes de sable, montez \u00e0 dos de chameau et promenez-vous dans la palmeraie. Dans le Sahara, passez la nuit dans une tente du d\u00e9sert. Enfin, visitez Erfoud, une colonie de fossiles, et le souk de Rissani. A Errachidia, le circuit s'ach\u00e8ve.<\/p>\n<\/div>\n<p>&nbsp;<\/p>\n<table class=\"table table-bordered tours-tabs__table\" style=\"height: 233px;\" width=\"862\">\n<tbody>\n<tr>\n<td><strong>LIEU DU D\u00c9PART<\/strong><\/td>\n<td>F\u00e8s<\/td>\n<\/tr>\n<tr>\n<td><strong>LIEU DE DESTINATION<\/strong><\/td>\n<td>Errachidia<\/td>\n<\/tr>\n<tr>\n<td><strong>INCLURE<\/strong><\/td>\n<td><i class=\"fa fa-check icon-tick icon-tick--on\"><\/i><span style=\"font-family: inherit; font-size: inherit;\">Prise en charge et d\u00e9p\u00f4t \u00e0 votre <\/span><span style=\"font-family: inherit; font-size: inherit;\">h\u00e9bergement<\/span>\n<table class=\"table table-bordered\" style=\"height: 384px;\" width=\"514\">\n<tbody>\n<tr>\n<td><i class=\"fa fa-check icon-tick icon-tick--on\"><\/i><span style=\"font-family: inherit; font-size: inherit;\">Passer une nuit dans un camp nomade dans le d\u00e9sert avec une tente priv\u00e9e (lit, d\u00eener),<br \/>\nbreakfast et sahara music group)<\/span><\/td>\n<td><i class=\"fa fa-check icon-tick icon-tick--on\"><\/i><span style=\"font-family: inherit; font-size: inherit;\">Guide parlant fran\u00e7ais avec <\/span><span style=\"font-family: inherit; font-size: inherit;\">Conducteur <\/span><span style=\"font-family: inherit; font-size: inherit;\">pendant la visite<\/span><\/td>\n<\/tr>\n<tr>\n<td><i class=\"fa fa-check icon-tick icon-tick--on\"><\/i><span style=\"font-family: inherit; font-size: inherit;\">Randonn\u00e9e \u00e0 dos de chameau dans les dunes de Merzouga<\/span><\/td>\n<td><i class=\"fa fa-check icon-tick icon-tick--on\"><\/i><span style=\"font-family: inherit; font-size: inherit;\">Prise en charge et d\u00e9p\u00f4t \u00e0 votre<\/span><\/td>\n<td><i class=\"fa fa-check icon-tick icon-tick--on\"><\/i><span style=\"font-family: inherit; font-size: inherit;\">coucher de soleil, lever de soleil<\/span><\/td>\n<\/tr>\n<\/tbody>\n<\/table>\n<\/td>\n<\/tr>\n<\/tbody>\n<\/table>\n<p><b>NON COMPRIS<\/b><\/p>\n<table class=\"table table-bordered\" style=\"height: 62px;\" width=\"300\">\n<tbody>\n<tr>\n<td><i class=\"fa fa-times icon-tick icon-tick--off\"><\/i><span style=\"font-family: inherit; font-size: inherit;\">Tarifs a\u00e9riens {billets d'avion}<\/span><\/td>\n<\/tr>\n<tr>\n<td><i class=\"fa fa-times icon-tick icon-tick--off\"><\/i>D\u00e9jeuners, boissons<\/td>\n<\/tr>\n<\/tbody>\n<\/table>\n<p>&nbsp;<\/p>\n<p>&nbsp;<\/p>","protected":false},"excerpt":{"rendered":"<p><span style=\"color: #000080;\"><strong>Circuit de 3 jours \u00e0 partir de la ville d'Errachidia : <\/strong><\/span>Explorez le d\u00e9sert lors d'une excursion de trois jours au d\u00e9part de <a href=\"https:\/\/artdeserttours.com\/fr\/tour-category\/tour-from-errachidia\/\">Errachidia<\/a>Moulay Idriss et Volubilis : excursion d'une journ\u00e9e au d\u00e9part de F\u00e8s : <a href=\"https:\/\/en.wikipedia.org\/wiki\/Khamlia\">Khamlia<\/a> les personnes en visite<\/p>","protected":false},"featured_media":2414,"comment_status":"closed","ping_status":"closed","template":"","meta":{"_monsterinsights_skip_tracking":false,"_monsterinsights_sitenote_active":false,"_monsterinsights_sitenote_note":"","_monsterinsights_sitenote_category":0},"product_brand":[],"product_cat":[21],"product_tag":[91,214,87,182],"class_list":{"0":"post-2406","1":"product","2":"type-product","3":"status-publish","4":"has-post-thumbnail","6":"product_cat-moroccan-tours","7":"product_tag-4-days-in-morocco","8":"product_tag-4-days-tour-from-errachidia-to-marrakech","9":"product_tag-art-desert-tours","10":"product_tag-morocco-tours","11":"tour_category-tours-from-errachidia","13":"first","14":"instock","15":"shipping-taxable","16":"product-type-tour"},"aioseo_notices":[],"_links":{"self":[{"href":"https:\/\/artdeserttours.com\/fr\/wp-json\/wp\/v2\/product\/2406","targetHints":{"allow":["GET"]}}],"collection":[{"href":"https:\/\/artdeserttours.com\/fr\/wp-json\/wp\/v2\/product"}],"about":[{"href":"https:\/\/artdeserttours.com\/fr\/wp-json\/wp\/v2\/types\/product"}],"replies":[{"embeddable":true,"href":"https:\/\/artdeserttours.com\/fr\/wp-json\/wp\/v2\/comments?post=2406"}],"wp:featuredmedia":[{"embeddable":true,"href":"https:\/\/artdeserttours.com\/fr\/wp-json\/wp\/v2\/media\/2414"}],"wp:attachment":[{"href":"https:\/\/artdeserttours.com\/fr\/wp-json\/wp\/v2\/media?parent=2406"}],"wp:term":[{"taxonomy":"product_brand","embeddable":true,"href":"https:\/\/artdeserttours.com\/fr\/wp-json\/wp\/v2\/product_brand?post=2406"},{"taxonomy":"product_cat","embeddable":true,"href":"https:\/\/artdeserttours.com\/fr\/wp-json\/wp\/v2\/product_cat?post=2406"},{"taxonomy":"product_tag","embeddable":true,"href":"https:\/\/artdeserttours.com\/fr\/wp-json\/wp\/v2\/product_tag?post=2406"}],"curies":[{"name":"wp","href":"https:\/\/api.w.org\/{rel}","templated":true}]}}